{"id":11,"date":"2024-04-01T18:08:26","date_gmt":"2024-04-01T10:08:26","guid":{"rendered":"https:\/\/seedlingmachine.com\/?page_id=11"},"modified":"2024-04-24T11:48:58","modified_gmt":"2024-04-24T03:48:58","slug":"contacts","status":"publish","type":"page","link":"https:\/\/seedlingmachine.com\/pt\/contacts\/","title":{"rendered":"Contatos"},"content":{"rendered":"<style>.kb-row-layout-id11_aef9c4-f9 > .kt-row-column-wrap{align-content:center;}:where(.kb-row-layout-id11_aef9c4-f9 > .kt-row-column-wrap) > .wp-block-kadence-column{justify-content:center;}.kb-row-layout-id11_aef9c4-f9 > .kt-row-column-wrap{column-gap:var(--global-kb-gap-md, 2rem);row-gap:var(--global-kb-gap-md, 2rem);max-width:var( --global-content-width, 1200px );padding-left:var(--global-content-edge-padding);padding-right:var(--global-content-edge-padding);padding-top:var(--global-kb-spacing-xl, 4rem);padding-bottom:var(--global-kb-spacing-md, 2rem);grid-template-columns:minmax(0, 1fr);}.kb-row-layout-id11_aef9c4-f9{background-image:url('https:\/\/seedlingmachine.com\/wp-content\/uploads\/2024\/04\/Example-Background-Image.jpg');background-size:cover;background-position:50% 50%;background-attachment:scroll;background-repeat:no-repeat;}.kb-row-layout-id11_aef9c4-f9 > .kt-row-layout-overlay{opacity:0.90;background:linear-gradient(135deg,var(--global-palette1,#ffffff) 0%,var(--global-palette2,#EDF2F7) 100%);mix-blend-mode:normal;}.kb-row-layout-id11_aef9c4-f9 .kt-row-layout-bottom-sep{height:100px;}.kb-row-layout-id11_aef9c4-f9 .kt-row-layout-bottom-sep svg{width:100%;}.kb-row-layout-id11_aef9c4-f9 .kt-row-layout-bottom-sep svg{fill:var(--global-palette9, #ffffff)!important;}@media all and (max-width: 1024px){.kb-row-layout-id11_aef9c4-f9 > .kt-row-column-wrap{grid-template-columns:minmax(0, 1fr);}}@media all and (max-width: 1024px){.kb-row-layout-id11_aef9c4-f9 .kt-row-layout-bottom-sep{height:px;}}@media all and (max-width: 1024px){.kb-row-layout-id11_aef9c4-f9 .kt-row-layout-bottom-sep svg{width:%;}}@media all and (max-width: 767px){.kb-row-layout-id11_aef9c4-f9 > .kt-row-column-wrap{padding-top:var(--global-kb-spacing-xl, 4rem);padding-bottom:var(--global-kb-spacing-xl, 4rem);grid-template-columns:minmax(0, 1fr);}.kb-row-layout-id11_aef9c4-f9 .kt-row-layout-bottom-sep{height:px;}.kb-row-layout-id11_aef9c4-f9 .kt-row-layout-bottom-sep svg{width:%;}}<\/style><div class=\"kb-row-layout-wrap kb-row-layout-id11_aef9c4-f9 alignfull kt-row-has-bg kb-divider-static wp-block-kadence-rowlayout\"><div class=\"kt-row-layout-overlay kt-row-overlay-gradient\"><\/div><div class=\"kt-row-column-wrap kt-has-1-columns kt-row-layout-equal kt-tab-layout-inherit kt-mobile-layout-row kt-row-valign-middle kb-theme-content-width\">\n<style>.kadence-column11_e90666-c0 > .kt-inside-inner-col,.kadence-column11_e90666-c0 > .kt-inside-inner-col:before{border-top-left-radius:0px;border-top-right-radius:0px;border-bottom-right-radius:0px;border-bottom-left-radius:0px;}.kadence-column11_e90666-c0 > .kt-inside-inner-col{column-gap:var(--global-kb-gap-sm, 1rem);}.kadence-column11_e90666-c0 > .kt-inside-inner-col{flex-direction:column;}.kadence-column11_e90666-c0 > .kt-inside-inner-col > .aligncenter{width:100%;}.kadence-column11_e90666-c0 > .kt-inside-inner-col:before{opacity:0.3;}.kadence-column11_e90666-c0{position:relative;}@media all and (max-width: 1024px){.kadence-column11_e90666-c0 > .kt-inside-inner-col{flex-direction:column;justify-content:center;}}@media all and (max-width: 767px){.kadence-column11_e90666-c0 > .kt-inside-inner-col{flex-direction:column;justify-content:center;}}<\/style>\n<div class=\"wp-block-kadence-column kadence-column11_e90666-c0 inner-column-1\"><div class=\"kt-inside-inner-col\"><style>.wp-block-kadence-advancedheading.kt-adv-heading11_85bf7d-7f, .wp-block-kadence-advancedheading.kt-adv-heading11_85bf7d-7f[data-kb-block=\"kb-adv-heading11_85bf7d-7f\"]{margin-top:var(--global-kb-spacing-xs, 1rem);text-align:left;font-size:var(--global-kb-font-size-xxl, 4rem);line-height:1;font-style:normal;}.wp-block-kadence-advancedheading.kt-adv-heading11_85bf7d-7f mark.kt-highlight, .wp-block-kadence-advancedheading.kt-adv-heading11_85bf7d-7f[data-kb-block=\"kb-adv-heading11_85bf7d-7f\"] mark.kt-highlight{font-style:normal;color:#f76a0c;-webkit-box-decoration-break:clone;box-decoration-break:clone;padding-top:0px;padding-right:0px;padding-bottom:0px;padding-left:0px;}.wp-block-kadence-advancedheading.kt-adv-heading11_85bf7d-7f img.kb-inline-image, .wp-block-kadence-advancedheading.kt-adv-heading11_85bf7d-7f[data-kb-block=\"kb-adv-heading11_85bf7d-7f\"] img.kb-inline-image{width:150px;vertical-align:baseline;}@media all and (max-width: 1024px){.wp-block-kadence-advancedheading.kt-adv-heading11_85bf7d-7f, .wp-block-kadence-advancedheading.kt-adv-heading11_85bf7d-7f[data-kb-block=\"kb-adv-heading11_85bf7d-7f\"]{font-size:60px;}}@media all and (max-width: 767px){.wp-block-kadence-advancedheading.kt-adv-heading11_85bf7d-7f, .wp-block-kadence-advancedheading.kt-adv-heading11_85bf7d-7f[data-kb-block=\"kb-adv-heading11_85bf7d-7f\"]{font-size:40px;}}<\/style>\n<h1 class=\"kt-adv-heading11_85bf7d-7f wp-block-kadence-advancedheading has-theme-palette-9-color has-text-color\" data-kb-block=\"kb-adv-heading11_85bf7d-7f\">At Your Service<\/h1>\n\n\n<style>.wp-block-kadence-advancedheading.kt-adv-heading11_2cdac3-73, .wp-block-kadence-advancedheading.kt-adv-heading11_2cdac3-73[data-kb-block=\"kb-adv-heading11_2cdac3-73\"]{display:block;text-align:center;font-size:20px;line-height:1;font-weight:300;font-style:normal;letter-spacing:1px;}.wp-block-kadence-advancedheading.kt-adv-heading11_2cdac3-73 mark.kt-highlight, .wp-block-kadence-advancedheading.kt-adv-heading11_2cdac3-73[data-kb-block=\"kb-adv-heading11_2cdac3-73\"] mark.kt-highlight{font-style:normal;color:#f76a0c;-webkit-box-decoration-break:clone;box-decoration-break:clone;padding-top:0px;padding-right:0px;padding-bottom:0px;padding-left:0px;}.wp-block-kadence-advancedheading.kt-adv-heading11_2cdac3-73 img.kb-inline-image, .wp-block-kadence-advancedheading.kt-adv-heading11_2cdac3-73[data-kb-block=\"kb-adv-heading11_2cdac3-73\"] img.kb-inline-image{width:150px;vertical-align:baseline;}<\/style>\n<span class=\"kt-adv-heading11_2cdac3-73 wp-block-kadence-advancedheading has-theme-palette-9-color has-text-color\" data-kb-block=\"kb-adv-heading11_2cdac3-73\"><\/span>\n<\/div><\/div>\n\n<\/div><\/div>\n\n<style>.kb-row-layout-id11_58f87e-af > .kt-row-column-wrap{align-content:center;}:where(.kb-row-layout-id11_58f87e-af > .kt-row-column-wrap) > .wp-block-kadence-column{justify-content:center;}.kb-row-layout-id11_58f87e-af > .kt-row-column-wrap{column-gap:var(--global-kb-gap-lg, 4rem);row-gap:var(--global-kb-gap-md, 2rem);max-width:var( --global-content-width, 1200px );padding-left:var(--global-content-edge-padding);padding-right:var(--global-content-edge-padding);padding-top:var(--global-kb-spacing-sm, 1.5rem);padding-bottom:var(--global-kb-spacing-md, 2rem);grid-template-columns:minmax(0, calc(50% - ((var(--global-kb-gap-lg, 4rem) * 1 )\/2)))minmax(0, calc(50% - ((var(--global-kb-gap-lg, 4rem) * 1 )\/2)));}.kb-row-layout-id11_58f87e-af > .kt-row-layout-overlay{opacity:0.30;}@media all and (max-width: 1024px){.kb-row-layout-id11_58f87e-af > .kt-row-column-wrap{column-gap:var(--global-kb-gap-md, 2rem);padding-top:var(--global-kb-spacing-lg, 3rem);padding-bottom:var(--global-kb-spacing-lg, 3rem);grid-template-columns:minmax(0, 1fr);}}@media all and (max-width: 1024px){.kb-row-layout-id11_58f87e-af > .kt-row-column-wrap > .wp-block-kadence-column:nth-child(1 of *:not(style)){order:2;}}@media all and (max-width: 1024px){.kb-row-layout-id11_58f87e-af > .kt-row-column-wrap > .wp-block-kadence-column:nth-child(2 of *:not(style)){order:1;}}@media all and (max-width: 1024px){.kb-row-layout-id11_58f87e-af > .kt-row-column-wrap > .wp-block-kadence-column:nth-child(3 of *:not(style)){order:12;}}@media all and (max-width: 1024px){.kb-row-layout-id11_58f87e-af > .kt-row-column-wrap > .wp-block-kadence-column:nth-child(4 of *:not(style)){order:11;}}@media all and (max-width: 1024px){.kb-row-layout-id11_58f87e-af > .kt-row-column-wrap > .wp-block-kadence-column:nth-child(5 of *:not(style)){order:22;}}@media all and (max-width: 1024px){.kb-row-layout-id11_58f87e-af > .kt-row-column-wrap > .wp-block-kadence-column:nth-child(6 of *:not(style)){order:21;}}@media all and (max-width: 1024px){.kb-row-layout-id11_58f87e-af > .kt-row-column-wrap > .wp-block-kadence-column:nth-child(7 of *:not(style)){order:32;}}@media all and (max-width: 1024px){.kb-row-layout-id11_58f87e-af > .kt-row-column-wrap > .wp-block-kadence-column:nth-child(8 of *:not(style)){order:31;}}@media all and (max-width: 767px){.kb-row-layout-id11_58f87e-af > .kt-row-column-wrap{padding-right:var(--global-kb-spacing-xs, 1rem);padding-left:var(--global-kb-spacing-xs, 1rem);grid-template-columns:minmax(0, 1fr);}.kb-row-layout-id11_58f87e-af > .kt-row-column-wrap > .wp-block-kadence-column:nth-child(1 of *:not(style)){order:2;}.kb-row-layout-id11_58f87e-af > .kt-row-column-wrap > .wp-block-kadence-column:nth-child(2 of *:not(style)){order:1;}.kb-row-layout-id11_58f87e-af > .kt-row-column-wrap > .wp-block-kadence-column:nth-child(3 of *:not(style)){order:12;}.kb-row-layout-id11_58f87e-af > .kt-row-column-wrap > .wp-block-kadence-column:nth-child(4 of *:not(style)){order:11;}.kb-row-layout-id11_58f87e-af > .kt-row-column-wrap > .wp-block-kadence-column:nth-child(5 of *:not(style)){order:22;}.kb-row-layout-id11_58f87e-af > .kt-row-column-wrap > .wp-block-kadence-column:nth-child(6 of *:not(style)){order:21;}.kb-row-layout-id11_58f87e-af > .kt-row-column-wrap > .wp-block-kadence-column:nth-child(7 of *:not(style)){order:32;}.kb-row-layout-id11_58f87e-af > .kt-row-column-wrap > .wp-block-kadence-column:nth-child(8 of *:not(style)){order:31;}}<\/style><div class=\"kb-row-layout-wrap kb-row-layout-id11_58f87e-af alignfull has-theme-palette9-background-color kt-row-has-bg wp-block-kadence-rowlayout\"><div class=\"kt-row-column-wrap kt-has-2-columns kt-row-layout-equal kt-tab-layout-row kt-mobile-layout-row kt-row-valign-middle kb-theme-content-width\">\n<style>.kadence-column11_bc4a59-8f > .kt-inside-inner-col{display:flex;}.kadence-column11_bc4a59-8f > .kt-inside-inner-col,.kadence-column11_bc4a59-8f > .kt-inside-inner-col:before{border-top-left-radius:0px;border-top-right-radius:0px;border-bottom-right-radius:0px;border-bottom-left-radius:0px;}.kadence-column11_bc4a59-8f > .kt-inside-inner-col{column-gap:var(--global-kb-gap-sm, 1rem);}.kadence-column11_bc4a59-8f > .kt-inside-inner-col{flex-direction:column;justify-content:center;}.kadence-column11_bc4a59-8f > .kt-inside-inner-col > .aligncenter{width:100%;}.kt-row-column-wrap > .kadence-column11_bc4a59-8f{align-self:center;}.kt-inner-column-height-full:not(.kt-has-1-columns) > .wp-block-kadence-column.kadence-column11_bc4a59-8f{align-self:auto;}.kt-inner-column-height-full:not(.kt-has-1-columns) > .wp-block-kadence-column.kadence-column11_bc4a59-8f > .kt-inside-inner-col{flex-direction:column;justify-content:center;}.kadence-column11_bc4a59-8f > .kt-inside-inner-col:before{opacity:0.3;}.kadence-column11_bc4a59-8f{text-align:left;}.kadence-column11_bc4a59-8f{position:relative;}@media all and (max-width: 1024px){.kt-row-column-wrap > .kadence-column11_bc4a59-8f{align-self:center;}}@media all and (max-width: 1024px){.kt-inner-column-height-full:not(.kt-has-1-columns) > .wp-block-kadence-column.kadence-column11_bc4a59-8f{align-self:auto;}}@media all and (max-width: 1024px){.kt-inner-column-height-full:not(.kt-has-1-columns) > .wp-block-kadence-column.kadence-column11_bc4a59-8f > .kt-inside-inner-col{flex-direction:column;justify-content:center;}}@media all and (max-width: 1024px){.kadence-column11_bc4a59-8f > .kt-inside-inner-col{flex-direction:column;justify-content:center;}}@media all and (max-width: 767px){.kt-row-column-wrap > .kadence-column11_bc4a59-8f{align-self:center;}.kt-inner-column-height-full:not(.kt-has-1-columns) > .wp-block-kadence-column.kadence-column11_bc4a59-8f{align-self:auto;}.kt-inner-column-height-full:not(.kt-has-1-columns) > .wp-block-kadence-column.kadence-column11_bc4a59-8f > .kt-inside-inner-col{flex-direction:column;justify-content:center;}.kadence-column11_bc4a59-8f > .kt-inside-inner-col{flex-direction:column;justify-content:center;}}<\/style>\n<div class=\"wp-block-kadence-column kadence-column11_bc4a59-8f kb-section-dir-vertical inner-column-1\"><div class=\"kt-inside-inner-col\"><style>.wp-block-kadence-advancedheading.kt-adv-heading11_2a593d-57, .wp-block-kadence-advancedheading.kt-adv-heading11_2a593d-57[data-kb-block=\"kb-adv-heading11_2a593d-57\"]{margin-bottom:0px;text-align:left;font-size:var(--global-kb-font-size-sm, 0.9rem);font-style:normal;text-transform:uppercase;}.wp-block-kadence-advancedheading.kt-adv-heading11_2a593d-57 mark.kt-highlight, .wp-block-kadence-advancedheading.kt-adv-heading11_2a593d-57[data-kb-block=\"kb-adv-heading11_2a593d-57\"] mark.kt-highlight{font-style:normal;color:#f76a0c;-webkit-box-decoration-break:clone;box-decoration-break:clone;padding-top:0px;padding-right:0px;padding-bottom:0px;padding-left:0px;}.wp-block-kadence-advancedheading.kt-adv-heading11_2a593d-57 img.kb-inline-image, .wp-block-kadence-advancedheading.kt-adv-heading11_2a593d-57[data-kb-block=\"kb-adv-heading11_2a593d-57\"] img.kb-inline-image{width:150px;vertical-align:baseline;}<\/style>\n<div class=\"kt-adv-heading11_2a593d-57 wp-block-kadence-advancedheading has-theme-palette-1-color has-text-color\" data-kb-block=\"kb-adv-heading11_2a593d-57\">Write To Us<\/div>\n\n\n<style>.wp-block-kadence-advancedheading.kt-adv-heading11_629909-c9, .wp-block-kadence-advancedheading.kt-adv-heading11_629909-c9[data-kb-block=\"kb-adv-heading11_629909-c9\"]{padding-top:0px;margin-top:var(--global-kb-spacing-xs, 1rem);line-height:1.2em;font-style:normal;}.wp-block-kadence-advancedheading.kt-adv-heading11_629909-c9 mark.kt-highlight, .wp-block-kadence-advancedheading.kt-adv-heading11_629909-c9[data-kb-block=\"kb-adv-heading11_629909-c9\"] mark.kt-highlight{font-style:normal;color:#f76a0c;-webkit-box-decoration-break:clone;box-decoration-break:clone;padding-top:0px;padding-right:0px;padding-bottom:0px;padding-left:0px;}.wp-block-kadence-advancedheading.kt-adv-heading11_629909-c9 img.kb-inline-image, .wp-block-kadence-advancedheading.kt-adv-heading11_629909-c9[data-kb-block=\"kb-adv-heading11_629909-c9\"] img.kb-inline-image{width:150px;vertical-align:baseline;}@media all and (max-width: 1024px){.wp-block-kadence-advancedheading.kt-adv-heading11_629909-c9, .wp-block-kadence-advancedheading.kt-adv-heading11_629909-c9[data-kb-block=\"kb-adv-heading11_629909-c9\"]{text-align:center!important;}}<\/style>\n<h2 class=\"kt-adv-heading11_629909-c9 wp-block-kadence-advancedheading has-theme-palette-3-color has-text-color\" data-kb-block=\"kb-adv-heading11_629909-c9\">Feel Free To Contact Us Anytime. We Will Get Back To You As Soon As We Can!<\/h2>\n\n\n\n<p>Whether you are looking for farming solutions, need technical support, or have questions about our products and services, we want to hear from you. Taizy is always ready to help and support you.<\/p>\n\n\n\n<p>If you would like to visit our office or factory, you are more than welcome. Please make an appointment with us in advance so that we can arrange a pleasant visit for you.<\/p>\n\n\n\n<p class=\"has-medium-font-size\"><strong>Tel.:<\/strong>&nbsp;+86 17320158259<br><strong>Email:<\/strong>&nbsp;info@seedlingmachine.com<\/p>\n\n\n<style>.kadence-column11_862ae0-69 > .kt-inside-inner-col{display:flex;}.kadence-column11_862ae0-69 > .kt-inside-inner-col,.kadence-column11_862ae0-69 > .kt-inside-inner-col:before{border-top-left-radius:0px;border-top-right-radius:0px;border-bottom-right-radius:0px;border-bottom-left-radius:0px;}.kadence-column11_862ae0-69 > .kt-inside-inner-col{column-gap:var(--global-kb-gap-sm, 1rem);}.kadence-column11_862ae0-69 > .kt-inside-inner-col{flex-direction:row;flex-wrap:wrap;align-items:center;}.kadence-column11_862ae0-69 > .kt-inside-inner-col > *, .kadence-column11_862ae0-69 > .kt-inside-inner-col > figure.wp-block-image, .kadence-column11_862ae0-69 > .kt-inside-inner-col > figure.wp-block-kadence-image{margin-top:0px;margin-bottom:0px;}.kadence-column11_862ae0-69 > .kt-inside-inner-col > .kb-image-is-ratio-size{flex-grow:1;}.kadence-column11_862ae0-69 > .kt-inside-inner-col:before{opacity:0.3;}.kadence-column11_862ae0-69{position:relative;}@media all and (max-width: 1024px){.kadence-column11_862ae0-69 > .kt-inside-inner-col{flex-direction:row;flex-wrap:wrap;align-items:center;}}@media all and (min-width: 768px) and (max-width: 1024px){.kadence-column11_862ae0-69 > .kt-inside-inner-col > *, .kadence-column11_862ae0-69 > .kt-inside-inner-col > figure.wp-block-image, .kadence-column11_862ae0-69 > .kt-inside-inner-col > figure.wp-block-kadence-image{margin-top:0px;margin-bottom:0px;}.kadence-column11_862ae0-69 > .kt-inside-inner-col > .kb-image-is-ratio-size{flex-grow:1;}}@media all and (max-width: 767px){.kadence-column11_862ae0-69 > .kt-inside-inner-col{flex-direction:row;flex-wrap:wrap;justify-content:flex-start;}.kadence-column11_862ae0-69 > .kt-inside-inner-col > *, .kadence-column11_862ae0-69 > .kt-inside-inner-col > figure.wp-block-image, .kadence-column11_862ae0-69 > .kt-inside-inner-col > figure.wp-block-kadence-image{margin-top:0px;margin-bottom:0px;}.kadence-column11_862ae0-69 > .kt-inside-inner-col > .kb-image-is-ratio-size{flex-grow:1;}}<\/style>\n<div class=\"wp-block-kadence-column kadence-column11_862ae0-69 kb-section-dir-horizontal\"><div class=\"kt-inside-inner-col\"><style>.wp-block-kadence-advancedheading.kt-adv-heading11_2047dd-0c, .wp-block-kadence-advancedheading.kt-adv-heading11_2047dd-0c[data-kb-block=\"kb-adv-heading11_2047dd-0c\"]{display:block;font-size:var(--global-kb-font-size-md, 1.25rem);font-weight:700;font-style:normal;}.wp-block-kadence-advancedheading.kt-adv-heading11_2047dd-0c mark.kt-highlight, .wp-block-kadence-advancedheading.kt-adv-heading11_2047dd-0c[data-kb-block=\"kb-adv-heading11_2047dd-0c\"] mark.kt-highlight{font-style:normal;color:#f76a0c;-webkit-box-decoration-break:clone;box-decoration-break:clone;padding-top:0px;padding-right:0px;padding-bottom:0px;padding-left:0px;}.wp-block-kadence-advancedheading.kt-adv-heading11_2047dd-0c img.kb-inline-image, .wp-block-kadence-advancedheading.kt-adv-heading11_2047dd-0c[data-kb-block=\"kb-adv-heading11_2047dd-0c\"] img.kb-inline-image{width:150px;vertical-align:baseline;}@media all and (max-width: 1024px){.wp-block-kadence-advancedheading.kt-adv-heading11_2047dd-0c, .wp-block-kadence-advancedheading.kt-adv-heading11_2047dd-0c[data-kb-block=\"kb-adv-heading11_2047dd-0c\"]{text-align:center!important;}}<\/style>\n<span class=\"kt-adv-heading11_2047dd-0c wp-block-kadence-advancedheading has-theme-palette-3-color has-text-color\" data-kb-block=\"kb-adv-heading11_2047dd-0c\">Socials:<\/span>\n\n\n<style>.kt-svg-icons11_9e04b0-da .kt-svg-item-0 .kb-svg-icon-wrap{color:var(--global-palette4, #2D3748);font-size:50px;}.wp-block-kadence-icon.kt-svg-icons11_9e04b0-da{justify-content:flex-start;gap:var(--global-kb-gap-sm, 1rem);}@media all and (max-width: 1024px){.wp-block-kadence-icon.kt-svg-icons11_9e04b0-da{justify-content:center;}}<\/style>\n<div class=\"wp-block-kadence-icon kt-svg-icons kt-svg-icons11_9e04b0-da alignnone\"><style>.kt-svg-item-11_bcbce0-99 .kb-svg-icon-wrap, .kt-svg-style-stacked.kt-svg-item-11_bcbce0-99 .kb-svg-icon-wrap{color:var(--global-palette1, #3182CE);font-size:20px;background:var(--global-palette8, #F7FAFC);border-width:0px;border-radius:50%;padding-top:var(--global-kb-spacing-xs, 1rem);padding-right:var(--global-kb-spacing-xs, 1rem);padding-bottom:var(--global-kb-spacing-xs, 1rem);padding-left:var(--global-kb-spacing-xs, 1rem);}<\/style>\n<div class=\"wp-block-kadence-single-icon kt-svg-style-stacked kt-svg-icon-wrap kt-svg-item-11_bcbce0-99\"><a href=\"https:\/\/api.whatsapp.com\/send?phone=+86%2017320158259&amp;text=Hi,%20I%20am%20interested%20in%20this%20product,%20please%20contact%20me.%20\" class=\"kt-svg-icon-link\" rel=\"nofollow noopener\" target=\"_blank\"><span class=\"kb-svg-icon-wrap kb-svg-icon-fa_whatsapp-square\"><svg viewBox=\"0 0 448 512\"  fill=\"currentColor\" xmlns=\"http:\/\/www.w3.org\/2000\/svg\"  aria-hidden=\"true\"><path d=\"M224 122.8c-72.7 0-131.8 59.1-131.9 131.8 0 24.9 7 49.2 20.2 70.1l3.1 5-13.3 48.6 49.9-13.1 4.8 2.9c20.2 12 43.4 18.4 67.1 18.4h.1c72.6 0 133.3-59.1 133.3-131.8 0-35.2-15.2-68.3-40.1-93.2-25-25-58-38.7-93.2-38.7zm77.5 188.4c-3.3 9.3-19.1 17.7-26.7 18.8-12.6 1.9-22.4.9-47.5-9.9-39.7-17.2-65.7-57.2-67.7-59.8-2-2.6-16.2-21.5-16.2-41s10.2-29.1 13.9-33.1c3.6-4 7.9-5 10.6-5 2.6 0 5.3 0 7.6.1 2.4.1 5.7-.9 8.9 6.8 3.3 7.9 11.2 27.4 12.2 29.4s1.7 4.3.3 6.9c-7.6 15.2-15.7 14.6-11.6 21.6 15.3 26.3 30.6 35.4 53.9 47.1 4 2 6.3 1.7 8.6-1 2.3-2.6 9.9-11.6 12.5-15.5 2.6-4 5.3-3.3 8.9-2 3.6 1.3 23.1 10.9 27.1 12.9s6.6 3 7.6 4.6c.9 1.9.9 9.9-2.4 19.1zM400 32H48C21.5 32 0 53.5 0 80v352c0 26.5 21.5 48 48 48h352c26.5 0 48-21.5 48-48V80c0-26.5-21.5-48-48-48zM223.9 413.2c-26.6 0-52.7-6.7-75.8-19.3L64 416l22.5-82.2c-13.9-24-21.2-51.3-21.2-79.3C65.4 167.1 136.5 96 223.9 96c42.4 0 82.2 16.5 112.2 46.5 29.9 30 47.9 69.8 47.9 112.2 0 87.4-72.7 158.5-160.1 158.5z\"\/><\/svg><\/span><\/a><\/div>\n\n\n<style>.kt-svg-item-11_c50e2c-33 .kb-svg-icon-wrap, .kt-svg-style-stacked.kt-svg-item-11_c50e2c-33 .kb-svg-icon-wrap{color:var(--global-palette1, #3182CE);font-size:20px;background:var(--global-palette8, #F7FAFC);border-width:0px;border-radius:50%;padding-top:var(--global-kb-spacing-xs, 1rem);padding-right:var(--global-kb-spacing-xs, 1rem);padding-bottom:var(--global-kb-spacing-xs, 1rem);padding-left:var(--global-kb-spacing-xs, 1rem);}<\/style>\n<div class=\"wp-block-kadence-single-icon kt-svg-style-stacked kt-svg-icon-wrap kt-svg-item-11_c50e2c-33\"><a href=\"https:\/\/www.youtube.com\/channel\/UCNf_H0NnS7esuLknRQNHfSA\" class=\"kt-svg-icon-link\" rel=\"nofollow noopener\" target=\"_blank\"><span class=\"kb-svg-icon-wrap kb-svg-icon-fa_youtube\"><svg viewBox=\"0 0 576 512\"  fill=\"currentColor\" xmlns=\"http:\/\/www.w3.org\/2000\/svg\"  aria-hidden=\"true\"><path d=\"M549.655 124.083c-6.281-23.65-24.787-42.276-48.284-48.597C458.781 64 288 64 288 64S117.22 64 74.629 75.486c-23.497 6.322-42.003 24.947-48.284 48.597-11.412 42.867-11.412 132.305-11.412 132.305s0 89.438 11.412 132.305c6.281 23.65 24.787 41.5 48.284 47.821C117.22 448 288 448 288 448s170.78 0 213.371-11.486c23.497-6.321 42.003-24.171 48.284-47.821 11.412-42.867 11.412-132.305 11.412-132.305s0-89.438-11.412-132.305zm-317.51 213.508V175.185l142.739 81.205-142.739 81.201z\"\/><\/svg><\/span><\/a><\/div>\n<\/div>\n<\/div><\/div>\n<\/div><\/div>\n\n\n<style>.kadence-column11_e28349-6a > .kt-inside-inner-col,.kadence-column11_e28349-6a > .kt-inside-inner-col:before{border-top-left-radius:0px;border-top-right-radius:0px;border-bottom-right-radius:0px;border-bottom-left-radius:0px;}.kadence-column11_e28349-6a > .kt-inside-inner-col{column-gap:var(--global-kb-gap-sm, 1rem);}.kadence-column11_e28349-6a > .kt-inside-inner-col{flex-direction:column;}.kadence-column11_e28349-6a > .kt-inside-inner-col > .aligncenter{width:100%;}.kadence-column11_e28349-6a > .kt-inside-inner-col:before{opacity:0.3;}.kadence-column11_e28349-6a{position:relative;}@media all and (max-width: 1024px){.kadence-column11_e28349-6a > .kt-inside-inner-col{flex-direction:column;justify-content:center;}}@media all and (max-width: 767px){.kadence-column11_e28349-6a > .kt-inside-inner-col{flex-direction:column;justify-content:center;}}<\/style>\n<div class=\"wp-block-kadence-column kadence-column11_e28349-6a\"><div class=\"kt-inside-inner-col\"><style>.kb-image11_8670f4-36 .kb-image-has-overlay:after{opacity:0.3;}<\/style>\n<figure class=\"wp-block-kadence-image kb-image11_8670f4-36 size-full\"><img loading=\"lazy\" decoding=\"async\" width=\"720\" height=\"540\" src=\"https:\/\/seedlingmachine.com\/wp-content\/uploads\/2024\/04\/taizy-company.jpg\" alt=\"\" class=\"kb-img wp-image-220\" srcset=\"https:\/\/seedlingmachine.com\/wp-content\/uploads\/2024\/04\/taizy-company.jpg 720w, https:\/\/seedlingmachine.com\/wp-content\/uploads\/2024\/04\/taizy-company-480x360.jpg 480w, https:\/\/seedlingmachine.com\/wp-content\/uploads\/2024\/04\/taizy-company-150x113.jpg 150w\" sizes=\"auto, (max-width: 720px) 100vw, 720px\" \/><\/figure>\n<\/div><\/div>\n\n<\/div><\/div>\n\n<style>.kb-google-maps-container11_555d81-ee{height:600px;}@media all and (max-width: 1024px){.kb-google-maps-container11_555d81-ee{height:500px;}}@media all and (max-width: 767px){.kb-google-maps-container11_555d81-ee{height:320px;}}<\/style><div class=\"kb-google-maps-container kb-google-maps-container11_555d81-ee  wp-block-kadence-googlemaps\" data-mapid=\"11_555d81ee\"><iframe width=\"100%\" height=\"100%\"\n\t\t\t\t\t\t\tstyle=\"border:0\" loading=\"lazy\"\n\t\t\t\t\t\t\tsrc=\"https:\/\/www.google.com\/maps\/embed\/v1\/place?key=AIzaSyBAM2o7PiQqwk15LC1XRH2e_KJ-jUa7KYk&#038;zoom=11&#038;maptype=roadmap&#038;q=Jingkai+Square+East+Hanghai+Road%2C+ETDZ%2C+Zhengzhou%2C+Henan%2C+China\"\n\t\t\t\t\t\t\ttitle=\"Google map of Jingkai Square East Hanghai Road, ETDZ, Zhengzhou, Henan, China\"><\/iframe><\/div><script>function kb_google_map11_555d81ee() { let center = { lat: 37.8201, lng: -122.4781}; let map = new google.maps.Map(document.getElementById(\"kb-google-map11_555d81ee\"), {\n\t\t\t\t\t    zoom: 11,\n\t\t\t\t\t    center: center,});let marker = new google.maps.Marker({   position: { lat: 37.8201, lng: -122.4781},    map: map,  });}<\/script>","protected":false},"excerpt":{"rendered":"<p>Ao seu servi\u00e7o, escreva para n\u00f3s, sinta-se \u00e0 vontade para nos contatar a qualquer momento. Entraremos em contato com voc\u00ea assim que poss\u00edvel! Quer voc\u00ea esteja procurando solu\u00e7\u00f5es agr\u00edcolas, precise de suporte t\u00e9cnico ou tenha d\u00favidas sobre nossos produtos e servi\u00e7os, queremos ouvi-lo. Taizy est\u00e1 sempre pronto para ajudar e apoiar\u2026<\/p>","protected":false},"author":1,"featured_media":0,"parent":0,"menu_order":0,"comment_status":"closed","ping_status":"closed","template":"","meta":{"_kad_blocks_custom_css":"","_kad_blocks_head_custom_js":"","_kad_blocks_body_custom_js":"","_kad_blocks_footer_custom_js":"","_kad_post_transparent":"","_kad_post_title":"","_kad_post_layout":"","_kad_post_sidebar_id":"","_kad_post_content_style":"","_kad_post_vertical_padding":"","_kad_post_feature":"","_kad_post_feature_position":"","_kad_post_header":false,"_kad_post_footer":false,"_kad_post_classname":"","footnotes":""},"class_list":["post-11","page","type-page","status-publish","hentry"],"taxonomy_info":[],"featured_image_src_large":false,"author_info":{"display_name":"Lolita Wang","author_link":"https:\/\/seedlingmachine.com\/pt\/author\/adminlolita\/"},"comment_info":0,"_links":{"self":[{"href":"https:\/\/seedlingmachine.com\/pt\/wp-json\/wp\/v2\/pages\/11","targetHints":{"allow":["GET"]}}],"collection":[{"href":"https:\/\/seedlingmachine.com\/pt\/wp-json\/wp\/v2\/pages"}],"about":[{"href":"https:\/\/seedlingmachine.com\/pt\/wp-json\/wp\/v2\/types\/page"}],"author":[{"embeddable":true,"href":"https:\/\/seedlingmachine.com\/pt\/wp-json\/wp\/v2\/users\/1"}],"replies":[{"embeddable":true,"href":"https:\/\/seedlingmachine.com\/pt\/wp-json\/wp\/v2\/comments?post=11"}],"version-history":[{"count":0,"href":"https:\/\/seedlingmachine.com\/pt\/wp-json\/wp\/v2\/pages\/11\/revisions"}],"wp:attachment":[{"href":"https:\/\/seedlingmachine.com\/pt\/wp-json\/wp\/v2\/media?parent=11"}],"curies":[{"name":"wp","href":"https:\/\/api.w.org\/{rel}","templated":true}]}}